{"id":326,"date":"2026-02-22T19:29:24","date_gmt":"2026-02-23T01:29:24","guid":{"rendered":"https:\/\/frallier.com\/?page_id=326"},"modified":"2026-02-27T09:20:19","modified_gmt":"2026-02-27T15:20:19","slug":"politicas-de-privacidad","status":"publish","type":"page","link":"https:\/\/frallier.com\/en\/politicas-de-privacidad\/","title":{"rendered":"Pol\u00edticas de Privacidad"},"content":{"rendered":"<p>[et_pb_section fb_built=&#8221;1&#8243; fullwidth=&#8221;on&#8221; _builder_version=&#8221;4.27.5&#8243; _module_preset=&#8221;default&#8221; global_colors_info=&#8221;{}&#8221;][et_pb_fullwidth_header _builder_version=&#8221;4.27.5&#8243; _module_preset=&#8221;default&#8221; title_text_color=&#8221;#f0e6d2&#8243; title_font_size=&#8221;44px&#8221; background_color=&#8221;#233646&#8243; background_enable_image=&#8221;off&#8221; background_position=&#8221;top_center&#8221; custom_padding=&#8221;85px||85px||true|false&#8221; global_colors_info=&#8221;{}&#8221;][\/et_pb_fullwidth_header][\/et_pb_section][et_pb_section fb_built=&#8221;1&#8243; _builder_version=&#8221;4.27.5&#8243; _module_preset=&#8221;default&#8221; background_image=&#8221;https:\/\/frallier.com\/wp-content\/uploads\/2026\/02\/huella_base_bg-centrada.svg&#8221; background_size=&#8221;contain&#8221; global_colors_info=&#8221;{}&#8221;][et_pb_row _builder_version=&#8221;4.27.5&#8243; _module_preset=&#8221;default&#8221; global_colors_info=&#8221;{}&#8221;][et_pb_column type=&#8221;4_4&#8243; _builder_version=&#8221;4.27.5&#8243; _module_preset=&#8221;default&#8221; global_colors_info=&#8221;{}&#8221;][et_pb_text _builder_version=&#8221;4.27.5&#8243; _module_preset=&#8221;default&#8221; header_text_color=&#8221;#6E9D93&#8243; header_2_text_color=&#8221;#6E9D93&#8243; global_colors_info=&#8221;{}&#8221;]<\/p>\n<h1>ACUERDO DE POL\u00cdTICA DE PRIVACIDAD EN L\u00cdNEA<\/h1>\n<p><b>Aceites y Esencias S.A. y Essencefleur de Mexico S.A de C.V. (&#8220;Frallier&#8221;)<span>\u00a0<\/span><\/b>valora la privacidad de sus usuarios. Esta Pol\u00edtica de Privacidad (\u201cPol\u00edtica\u201d le ayudar\u00e1 a entender c\u00f3mo recopilamos y utilizamos la informaci\u00f3n personal de quienes visitan nuestro sitio web o hacen uso de nuestras instalaciones y servicios en l\u00ednea, y lo que haremos con dicha informaci\u00f3n. Nuestra Pol\u00edtica ha sido dise\u00f1ada y creada para garantizar a los aliados de Frallier.<\/p>\n<p>Nos reservamos el derecho a realizar cambios a esta Pol\u00edtica en cualquier momento. Si quiere asegurarse de que est\u00e1 al d\u00eda de los \u00faltimos cambios, le aconsejamos que visite con frecuencia esta p\u00e1gina. Si en alg\u00fan momento Frallier decide hacer uso de cualquier informaci\u00f3n de identificaci\u00f3n personal, de una manera diferente a la que se declar\u00f3 cuando esta informaci\u00f3n fue inicialmente recopilada, el usuario o los usuarios ser\u00e1n notificados de inmediato por correo electr\u00f3nico. En ese momento, los usuarios tendr\u00e1n la opci\u00f3n de permitir o no el uso de dicha informaci\u00f3n.<\/p>\n<p>Esta pol\u00edtica se aplica a Frallier, y rige toda la recopilaci\u00f3n y uso de datos por nuestra parte. Por lo tanto, mediante el uso de www.frallier.com , usted est\u00e1 consintiendo la recopilaci\u00f3n de datos expresados en esta Pol\u00edtica.<\/p>\n<p>Tenga en cuenta que esta Pol\u00edtica no regula la recopilaci\u00f3n y el uso de la informaci\u00f3n por parte de empresas que Frallier no controla, ni por parte de personas que no est\u00e1n empleadas o dirigidas por nosotros. Si visita un sitio web que se mencione em muestra pagina, aseg\u00farese de revisar su Pol\u00edtica de privacidad antes de proporcionar informaci\u00f3n al sitio. Se recomienda y sugiere que revise las pol\u00edticas y declaraciones de privacidad de cualquier sitio web que decida utilizar o frecuentar para comprender mejor la forma en que los sitios web recopilan, hacen uso y comparten la informaci\u00f3n recopilada.<\/p>\n<p>Please note that this Policy does not govern the collection and use of information by companies that Palafragrance LLCdoes not control, nor by individuals not employed or managed by us. lf you visit a website that we mention or link to, be sure to review its privacy policy before providing the site with information. lt is highly recommended and suggested that you review the privacy policies and statements of any website you choose to use or frequent to better understand the way in which websites garner, make use of and share the information collected.<\/p>\n<p>En particular, esta pol\u00edtica le informar\u00e1 lo siguiente:<br \/>1. Qu\u00e9 informaci\u00f3n personal identificable se recopile de usted a trav\u00e9s de nuestro sitio web,<br \/>2. Por qu\u00e9 recopilamos informaci\u00f3n de identificaci\u00f3n personal y la base legal para dicha recopilaci\u00f3n,<br \/>3. C\u00f3mo utilizamos la informaci\u00f3n recopilada y con qui\u00e9n puede ser compartida;<br \/>4. Qu\u00e9 opciones tiene usted respecto al uso de sus datos,<br \/>5. Los procedimientos de seguridad establecidos para proteger el uso indebido de su informaci\u00f3n.<\/p>\n<h2>Informaci\u00f3n que recopilamos:<\/h2>\n<p>Siempre depende de usted si nos otorga informaci\u00f3n personal, aunque si decide no hacerlo, nos reservamos el derecho a registrarlo como usuario ni le proporcionaremos ning\u00fan producto o servicio. Adem\u00e1s, Frallier puede recopilar informaci\u00f3n como la edad, el sexo, los ingresos del hogar, la afiliaci\u00f3n pol\u00edtica, la raza y la religi\u00f3n, as\u00ed como el tipo de navegador que est\u00e1 utilizando, la direcci\u00f3n IP o el tipo de sistema operativo, lo que nos ayudar\u00e1 a proporcionar y mantener un servicio de mayor calidad.<\/p>\n<h2>Por qu\u00e9 recopilamos informaci\u00f3n y durante cu\u00e1nto tiempo guardamos sus datos:<\/h2>\n<p>&#8211; Para entender mejor sus necesidades y proporcionarle los servicios que haya solicitado;<\/p>\n<p>&#8211; Para cumplir con nuestro inter\u00e9s de mejorar nuestros servicios y productos;<\/p>\n<p>&#8211; Para enviarle correos electr\u00f3nicos promocionales con informaci\u00f3n que pensamos que puede gustarle;<\/p>\n<p>&#8211; Para ponernos en contacto con usted para que rellene encuestas o participe en otros tipos de estudios de mercado,<\/p>\n<p>&#8211; Para personalizar nuestro sitio web de acuerdo con su comportamiento en l\u00ednea y a sus preferencias personales.<\/p>\n<p>Los datos que recopilemos no se conservar\u00e1n m\u00e1s del tiempo necesario. El tiempo que conservemos dicha informaci\u00f3n se determinar\u00e1 en funci\u00f3n a los siguientes criterios: el tiempo que su informaci\u00f3n personal siga siendo relevante; el tiempo que sea razonable conservar los registros para demostrar que hemos cumplido con nuestras obligaciones; los plazos de prescripci\u00f3n en los que se puedan presentar reclamaciones; los periodos de conservaci\u00f3n prescritos por la ley o recomendados por los reguladores, los organismos profesionales o las asociaciones; el tipo de contrato que tengamos con usted, la existencia de su consentimiento y nuestro inter\u00e9s de conservar dicha informaci\u00f3n tal y como se indica en esta Pol\u00edtica.<\/p>\n<h2>El uso de la informaci\u00f3n recopilada:<\/h2>\n<p>Frallier no vende, alquila ni cede a terceros ninguna de sus listas de clientes y\/o nombres.<\/p>\n<p>Frallier puede recopilar y hacer uso de la informaci\u00f3n personal para ayudar el funcionamiento de nuestro sitio web y para garantizar la prestaci\u00f3n de los servicios que usted necesita y\/o solicita. En ocasiones, podemos considerar necesario utilizar la informaci\u00f3n personal como medio para mantenerle informado de otros posibles productos y\/o servicios que puedan estar disponibles para usted en www.frallier.com.<\/p>\n<p>Frallier tambi\u00e9n puede ponerse en contacto con usted para completar encuestas y\/o cuestionarios de investigaci\u00f3n relacionados con su opini\u00f3n sobre los servicios actuales o potenciales que se puedan ofrecer en el futuro.<\/p>\n<p>Frallier utiliza varias funciones de redes sociales, incluyendo, pero no limit\u00e1ndose a Facebook, Instagram, Linkedin y otros programas interactivos. Estos pueden recopilar su direcci\u00f3n IP y requieren cookies para funcionar correctamente. Estos servicios se rigen por las pol\u00edticas de privacidad de los proveedores y no est\u00e1n bajo el control de Frallier.<\/p>\n<h2>Divulgaci\u00f3n de la informaci\u00f3n:<\/h2>\n<p>Frallier no podr\u00e1 utilizar ni divulgar la informaci\u00f3n que usted proporcione, salvo en los casos siguientes:<\/p>\n<p>&#8211; seg\u00fan sea necesario para prestar los servicios o productos que usted haya solicitado<br \/>&#8211; en otras formas descritas en esta Pol\u00edtica o a las que usted hubiera dado su consentimiento,<br \/>&#8211; en conjunto con otra informaci\u00f3n de manera que su identidad no pueda ser determinada.<br \/>&#8211; seg\u00fan lo exija la ley, o en respuesta a una citaci\u00f3n u orden de registro;<br \/>&#8211; a auditores externos que hayan acordado mantener la confidencialidad de la informaci\u00f3n<\/p>\n<p>&#8211; seg\u00fan sea necesario para hacer cumplir las Condiciones del Servicio;<\/p>\n<p>&#8211; seg\u00fan sea necesario para mantener, salvaguardar y preservar todos los derechos de Frallier.<\/p>\n<h2>Fines no comerciales:<\/h2>\n<p>Frallier respeta enormemente su privacidad. Mantenemos y nos reservamos el derecho de ponernos en contacto con usted si es necesario para fines no comerciales (como alertas de errores, violaciones de seguridad, problemas con la cuenta y\/o cambios en los productos y servicios de Frallier). En determinadas circunstancias, podemos utilizar nuestro sitio web, los peri\u00f3dicos u otros medios p\u00fablicos para publicar un aviso.<\/p>\n<h2>Ni\u00f1os menores de 13 a\u00f1os:<\/h2>\n<p>El sitio web de Frallier no est\u00e1 dirigido a ni\u00f1os menores de trece (13) a\u00f1os y no recopila deliberadamente su informaci\u00f3n personal. Si se determina que dicha informaci\u00f3n ha sido recopilada inadvertidamente sobre cualquier persona menor de trece (13) a\u00f1os, tomaremos inmediatamente las medidas necesarias para asegurar que dicha informaci\u00f3n sea eliminada de la base de datos de nuestro sistema, o en su defecto, que se obtenga el consentimiento de los padres para el uso y almacenamiento de dicha informaci\u00f3n. Los menores de trece (13) a\u00f1os deben solicitar y obtener el permiso de sus padres o tutores para utilizar este sitio web.<\/p>\n<h2>Cancelaci\u00f3n de la suscripci\u00f3n o exclusi\u00f3n voluntaria:<\/h2>\n<p>Todos los usuarios y visitantes de nuestro sitio web tienen la opci\u00f3n de dejar de recibir nuestras publicaciones por correo electr\u00f3nico o boletines informativos. Para dejar de recibir o darse de baja de nuestro sitio web, env\u00ede un correo electr\u00f3nico indicando que desea darse de baja a andrea@frallier.com<br \/>Si desea darse de baja o excluirse de cualquier sitio web de terceros, debe ir a ese sitio web espec\u00edfico para darse de baja o excluirse. Frallier continuar\u00e1 adhiri\u00e9ndose a esta Pol\u00edtica con respecto a cualquier informaci\u00f3n personal previamente recopilada.<\/p>\n<h2>Enlaces a otros sitios web:<\/h2>\n<p>Nuestro sitio web contiene enlaces a otros sitios web. Frallier no reclama ni acepta responsabilidad alguna por las pol\u00edticas, pr\u00e1cticas y\/o procedimientos de privacidad de dichos sitios web. Por lo tanto, animamos a todos los usuarios y visitantes a que sean conscientes cuando salgan de nuestro sitio web y que lean las declaraciones de privacidad de todos los sitios web que recopilan informaci\u00f3n personal. Este Acuerdo de Pol\u00edtica de Privacidad se aplica \u00fanica y exclusivamente a la informaci\u00f3n recopilada por nuestro sitio web.<\/p>\n<h2>Aviso a los usuarios de la Uni\u00f3n Europea:<\/h2>\n<p>Las operaciones de Frallier est\u00e1n ubicadas principalmente en los Estados Unidos. Si nos proporciona informaci\u00f3n, \u00e9sta ser\u00e1 transferida fuera de la Uni\u00f3n Europea (UE) y enviada a los Estados Unidos. (La decisi\u00f3n de adecuaci\u00f3n sobre la privacidad UE-EEUU entr\u00f3 en funcionamiento el 1 de agosto de 2016. Este marco protege los derechos fundamentales de cualquier persona de la UE cuyos datos personales se transfieran a Estados Unidos con fines comerciales. Permite la libre transferencia de datos a las empresas que est\u00e1n certificadas en Estados Unidos en el marco del Escudo de Privacidad). Al proporcionarnos informaci\u00f3n personal, usted acepta su almacenamiento y uso seg\u00fan lo descrito en esta Pol\u00edtica.<\/p>\n<h2>Seguridad:<\/h2>\n<p>Frallier toma medidas de seguridad para proteger su informaci\u00f3n. Cuando usted env\u00eda informaci\u00f3n sensible a trav\u00e9s del sitio web, su informaci\u00f3n est\u00e1 protegida tanto en l\u00ednea como fuera de l\u00ednea. S\u00f3lo los empleados que necesitan la informaci\u00f3n para realizar un trabajo espec\u00edfico (por ejemplo, facturaci\u00f3n o servicio al cliente) tienen acceso a la informaci\u00f3n personal identificable. Los ordenadores y servidores en los que almacenamos la informaci\u00f3n personal se mantienen en un lugar seguro, y se protegen contra el acceso no autorizado. Todo esto se hace para evitar cualquier p\u00e9rdida, mal uso, acceso no autorizado, divulgaci\u00f3n o modificaci\u00f3n de la informaci\u00f3n personal del usuario bajo nuestro control.<\/p>\n<p>Este sitio utiliza almacenamiento en cach\u00e9 para ofrecer un tiempo de respuesta m\u00e1s r\u00e1pido y una mejor experiencia de usuario. El almacenamiento en cach\u00e9 almacena una copia duplicada de cada p\u00e1gina web que se muestra en este sitio. Todos los archivos de cach\u00e9 son temporales y ning\u00fan tercero accede a ellos, excepto cuando sea necesario para obtener soporte t\u00e9cnico del proveedor del plugin de cach\u00e9. Los archivos de cach\u00e9 caducan seg\u00fan un calendario establecido por el administrador del sitio, pero pueden ser eliminados f\u00e1cilmente antes de su vencimiento natural, si es necesario. Podemos utilizar los servicios de QUIC.cloud para procesar y almacenar en cach\u00e9 sus datos temporalmente. Consulte https:\/\/quic.cloud\/privacy-policy\/ para obtener m\u00e1s informaci\u00f3n.<\/p>\n<h2>Aceptaci\u00f3n de las condiciones:<\/h2>\n<p>Al utilizar este sitio web, usted acepta los t\u00e9rminos y condiciones estipulados en el Acuerdo de Pol\u00edtica de Privacidad. Si no est\u00e1 de acuerdo con nuestros t\u00e9rminos y condiciones, deber\u00e1 abstenerse de seguir utilizando nuestro sitio web. Adem\u00e1s, el uso continuo de nuestro sitio web con posterioridad a la publicaci\u00f3n de cualquier actualizaci\u00f3n o cambio en nuestros t\u00e9rminos y condiciones significar\u00e1 que usted est\u00e1 de acuerdo y acepta dichos cambios.<\/p>\n<h2>C\u00f3mo ponerse en contacto con nosotros:<\/h2>\n<p>Si tiene alguna pregunta o duda sobre el Acuerdo de Pol\u00edtica de Privacidad relacionado con nuestro sitio web, no dude en ponerse en contacto con nosotros en el siguiente correo electr\u00f3nico, n\u00famero de tel\u00e9fono o en la siguiente direcci\u00f3n.<\/p>\n<p>Correo electr\u00f3nico: andrea@frallier.com<\/p>\n<p>N\u00famero de tel\u00e9fono: 7138341194<\/p>\n<p>Direcci\u00f3n: Palafragrance LLC 3730 Kirby Dr Houston, Texas 77098<\/p>\n<p>[\/et_pb_text][\/et_pb_column][\/et_pb_row][\/et_pb_section]<\/p>\n","protected":false},"excerpt":{"rendered":"<p>ACUERDO DE POL\u00cdTICA DE PRIVACIDAD EN L\u00cdNEA Aceites y Esencias S.A. y Essencefleur de Mexico S.A de C.V. (&#8220;Frallier&#8221;)\u00a0valora la privacidad de sus usuarios. Esta Pol\u00edtica de Privacidad (\u201cPol\u00edtica\u201d le ayudar\u00e1 a entender c\u00f3mo recopilamos y utilizamos la informaci\u00f3n personal de quienes visitan nuestro sitio web o hacen uso de nuestras instalaciones y servicios en [&hellip;]<\/p>\n","protected":false},"author":3,"featured_media":0,"parent":0,"menu_order":0,"comment_status":"closed","ping_status":"closed","template":"","meta":{"_et_pb_use_builder":"on","_et_pb_old_content":"","_et_gb_content_width":"","footnotes":""},"difl_page_category":[],"class_list":["post-326","page","type-page","status-publish","hentry"],"_links":{"self":[{"href":"https:\/\/frallier.com\/en\/wp-json\/wp\/v2\/pages\/326","targetHints":{"allow":["GET"]}}],"collection":[{"href":"https:\/\/frallier.com\/en\/wp-json\/wp\/v2\/pages"}],"about":[{"href":"https:\/\/frallier.com\/en\/wp-json\/wp\/v2\/types\/page"}],"author":[{"embeddable":true,"href":"https:\/\/frallier.com\/en\/wp-json\/wp\/v2\/users\/3"}],"replies":[{"embeddable":true,"href":"https:\/\/frallier.com\/en\/wp-json\/wp\/v2\/comments?post=326"}],"version-history":[{"count":6,"href":"https:\/\/frallier.com\/en\/wp-json\/wp\/v2\/pages\/326\/revisions"}],"predecessor-version":[{"id":334,"href":"https:\/\/frallier.com\/en\/wp-json\/wp\/v2\/pages\/326\/revisions\/334"}],"wp:attachment":[{"href":"https:\/\/frallier.com\/en\/wp-json\/wp\/v2\/media?parent=326"}],"wp:term":[{"taxonomy":"difl_page_category","embeddable":true,"href":"https:\/\/frallier.com\/en\/wp-json\/wp\/v2\/difl_page_category?post=326"}],"curies":[{"name":"wp","href":"https:\/\/api.w.org\/{rel}","templated":true}]}}